{"id":233,"date":"2016-07-21T12:42:22","date_gmt":"2016-07-21T10:42:22","guid":{"rendered":"http:\/\/liczbanscy.home.pl\/elite_copy\/?page_id=233"},"modified":"2020-02-06T09:36:41","modified_gmt":"2020-02-06T08:36:41","slug":"torty","status":"publish","type":"page","link":"http:\/\/liczbanscy.home.pl\/elite_copy\/oferta\/torty\/","title":{"rendered":"TORTY"},"content":{"rendered":"<p>W naszej ofercie tort\u00f3w, znajduj\u0105 si\u0119 torty na zam\u00f3wienie, na r\u00f3\u017cne okazje okoliczno\u015bciowe \u2013 na wesela, urodziny, chrzciny, komunie. Wykonujemy torty dla doros\u0142ych oraz dzieci. Ka\u017cdy wyr\u00f3b wykonywany jest z uwzgl\u0119dnieniem najdrobniejszych szczeg\u00f3\u0142\u00f3w. Staramy si\u0119 spe\u0142ni\u0107 oczekiwania klient\u00f3w, dlatego wykonujemy torty na zam\u00f3wienie w ro\u017cnych wielko\u015bciach, kszta\u0142tach. Pomagamy w doborze smaku oraz kompozycji. Gwarantujemy, \u017ce wykonane przez nas torty na zam\u00f3wienie spe\u0142ni\u0105 oczekiwania ka\u017cdego klienta, doros\u0142ego i dzieci\u0119cego, poniewa\u017c przygotowywane s\u0105 z wielk\u0105 staranno\u015bci\u0105 i zaanga\u017cowaniem.<\/p>\n<p>Nasze torty okoliczno\u015bciowe ciesz\u0105 si\u0119 du\u017c\u0105 popularno\u015bci\u0105. Zachwycaj\u0105 klient\u00f3w nie tylko wy\u015bmienitym smakiem, ale tak\u017ce doskonale prezentuj\u0105 si\u0119 pod wzgl\u0119dem wizualnym. Nie zwlekaj, ju\u017c teraz zapoznaj si\u0119 z naszym katalogiem tort\u00f3w na zam\u00f3wienie.<\/p>\n","protected":false},"excerpt":{"rendered":"<p>W naszej ofercie tort\u00f3w, znajduj\u0105 si\u0119 torty na zam\u00f3wienie, na r\u00f3\u017cne okazje okoliczno\u015bciowe \u2013 na wesela, urodziny, chrzciny, komunie. Wykonujemy torty dla doros\u0142ych oraz dzieci. Ka\u017cdy<span class=\"excerpt-hellip\"> [\u2026]<\/span><\/p>\n","protected":false},"author":1,"featured_media":0,"parent":119,"menu_order":0,"comment_status":"closed","ping_status":"closed","template":"","meta":[],"yoast_head":"<!-- This site is optimized with the Yoast SEO plugin v19.11 - https:\/\/yoast.com\/wordpress\/plugins\/seo\/ -->\n<title>Torty na zam\u00f3wienie, okoliczno\u015bciowe, dla doros\u0142ych - ELITE - Pozna\u0144<\/title>\n<meta name=\"description\" content=\"Torty na zam\u00f3wienie Pozna\u0144. Proponujemy Pa\u0144stwu torty okoliczno\u015bciowe, w tym dla doros\u0142ych. W dowolnych kszta\u0142tach i smakach. Zam\u00f3wienia realizujemy zgodnie z \u017c\u0105daniami klienta.\" \/>\n<meta name=\"robots\" content=\"index, follow, max-snippet:-1, max-image-preview:large, max-video-preview:-1\" \/>\n<link rel=\"canonical\" href=\"https:\/\/liczbanscy.home.pl\/elite_copy\/oferta\/torty\/\" \/>\n<meta property=\"og:locale\" content=\"pl_PL\" \/>\n<meta property=\"og:type\" content=\"article\" \/>\n<meta property=\"og:title\" content=\"Torty na zam\u00f3wienie, okoliczno\u015bciowe, dla doros\u0142ych - ELITE - Pozna\u0144\" \/>\n<meta property=\"og:description\" content=\"Torty na zam\u00f3wienie Pozna\u0144. Proponujemy Pa\u0144stwu torty okoliczno\u015bciowe, w tym dla doros\u0142ych. W dowolnych kszta\u0142tach i smakach. Zam\u00f3wienia realizujemy zgodnie z \u017c\u0105daniami klienta.\" \/>\n<meta property=\"og:url\" content=\"https:\/\/liczbanscy.home.pl\/elite_copy\/oferta\/torty\/\" \/>\n<meta property=\"og:site_name\" content=\"Cukiernia ELITE\" \/>\n<meta property=\"article:modified_time\" content=\"2020-02-06T08:36:41+00:00\" \/>\n<meta name=\"twitter:card\" content=\"summary_large_image\" \/>\n<meta name=\"twitter:label1\" content=\"Szacowany czas czytania\" \/>\n\t<meta name=\"twitter:data1\" content=\"1 minuta\" \/>\n<script type=\"application\/ld+json\" class=\"yoast-schema-graph\">{\"@context\":\"https:\/\/schema.org\",\"@graph\":[{\"@type\":\"WebPage\",\"@id\":\"https:\/\/liczbanscy.home.pl\/elite_copy\/oferta\/torty\/\",\"url\":\"https:\/\/liczbanscy.home.pl\/elite_copy\/oferta\/torty\/\",\"name\":\"Torty na zam\u00f3wienie, okoliczno\u015bciowe, dla doros\u0142ych - ELITE - Pozna\u0144\",\"isPartOf\":{\"@id\":\"https:\/\/liczbanscy.home.pl\/elite_copy\/#website\"},\"datePublished\":\"2016-07-21T10:42:22+00:00\",\"dateModified\":\"2020-02-06T08:36:41+00:00\",\"description\":\"Torty na zam\u00f3wienie Pozna\u0144. Proponujemy Pa\u0144stwu torty okoliczno\u015bciowe, w tym dla doros\u0142ych. W dowolnych kszta\u0142tach i smakach. Zam\u00f3wienia realizujemy zgodnie z \u017c\u0105daniami klienta.\",\"breadcrumb\":{\"@id\":\"https:\/\/liczbanscy.home.pl\/elite_copy\/oferta\/torty\/#breadcrumb\"},\"inLanguage\":\"pl-PL\",\"potentialAction\":[{\"@type\":\"ReadAction\",\"target\":[\"https:\/\/liczbanscy.home.pl\/elite_copy\/oferta\/torty\/\"]}]},{\"@type\":\"BreadcrumbList\",\"@id\":\"https:\/\/liczbanscy.home.pl\/elite_copy\/oferta\/torty\/#breadcrumb\",\"itemListElement\":[{\"@type\":\"ListItem\",\"position\":1,\"name\":\"Strona g\u0142\u00f3wna\",\"item\":\"https:\/\/liczbanscy.home.pl\/elite_copy\/\"},{\"@type\":\"ListItem\",\"position\":2,\"name\":\"OFERTA\",\"item\":\"https:\/\/liczbanscy.home.pl\/elite_copy\/oferta\/\"},{\"@type\":\"ListItem\",\"position\":3,\"name\":\"TORTY\"}]},{\"@type\":\"WebSite\",\"@id\":\"https:\/\/liczbanscy.home.pl\/elite_copy\/#website\",\"url\":\"https:\/\/liczbanscy.home.pl\/elite_copy\/\",\"name\":\"Cukiernia ELITE\",\"description\":\"Codziennie \u015bwie\u017ce wypieki z w\u0142asnej pracowni\",\"potentialAction\":[{\"@type\":\"SearchAction\",\"target\":{\"@type\":\"EntryPoint\",\"urlTemplate\":\"https:\/\/liczbanscy.home.pl\/elite_copy\/?s={search_term_string}\"},\"query-input\":\"required name=search_term_string\"}],\"inLanguage\":\"pl-PL\"}]}<\/script>\n<!-- \/ Yoast SEO plugin. -->","yoast_head_json":{"title":"Torty na zam\u00f3wienie, okoliczno\u015bciowe, dla doros\u0142ych - ELITE - Pozna\u0144","description":"Torty na zam\u00f3wienie Pozna\u0144. Proponujemy Pa\u0144stwu torty okoliczno\u015bciowe, w tym dla doros\u0142ych. W dowolnych kszta\u0142tach i smakach. Zam\u00f3wienia realizujemy zgodnie z \u017c\u0105daniami klienta.","robots":{"index":"index","follow":"follow","max-snippet":"max-snippet:-1","max-image-preview":"max-image-preview:large","max-video-preview":"max-video-preview:-1"},"canonical":"https:\/\/liczbanscy.home.pl\/elite_copy\/oferta\/torty\/","og_locale":"pl_PL","og_type":"article","og_title":"Torty na zam\u00f3wienie, okoliczno\u015bciowe, dla doros\u0142ych - ELITE - Pozna\u0144","og_description":"Torty na zam\u00f3wienie Pozna\u0144. Proponujemy Pa\u0144stwu torty okoliczno\u015bciowe, w tym dla doros\u0142ych. W dowolnych kszta\u0142tach i smakach. Zam\u00f3wienia realizujemy zgodnie z \u017c\u0105daniami klienta.","og_url":"https:\/\/liczbanscy.home.pl\/elite_copy\/oferta\/torty\/","og_site_name":"Cukiernia ELITE","article_modified_time":"2020-02-06T08:36:41+00:00","twitter_card":"summary_large_image","twitter_misc":{"Szacowany czas czytania":"1 minuta"},"schema":{"@context":"https:\/\/schema.org","@graph":[{"@type":"WebPage","@id":"https:\/\/liczbanscy.home.pl\/elite_copy\/oferta\/torty\/","url":"https:\/\/liczbanscy.home.pl\/elite_copy\/oferta\/torty\/","name":"Torty na zam\u00f3wienie, okoliczno\u015bciowe, dla doros\u0142ych - ELITE - Pozna\u0144","isPartOf":{"@id":"https:\/\/liczbanscy.home.pl\/elite_copy\/#website"},"datePublished":"2016-07-21T10:42:22+00:00","dateModified":"2020-02-06T08:36:41+00:00","description":"Torty na zam\u00f3wienie Pozna\u0144. Proponujemy Pa\u0144stwu torty okoliczno\u015bciowe, w tym dla doros\u0142ych. W dowolnych kszta\u0142tach i smakach. Zam\u00f3wienia realizujemy zgodnie z \u017c\u0105daniami klienta.","breadcrumb":{"@id":"https:\/\/liczbanscy.home.pl\/elite_copy\/oferta\/torty\/#breadcrumb"},"inLanguage":"pl-PL","potentialAction":[{"@type":"ReadAction","target":["https:\/\/liczbanscy.home.pl\/elite_copy\/oferta\/torty\/"]}]},{"@type":"BreadcrumbList","@id":"https:\/\/liczbanscy.home.pl\/elite_copy\/oferta\/torty\/#breadcrumb","itemListElement":[{"@type":"ListItem","position":1,"name":"Strona g\u0142\u00f3wna","item":"https:\/\/liczbanscy.home.pl\/elite_copy\/"},{"@type":"ListItem","position":2,"name":"OFERTA","item":"https:\/\/liczbanscy.home.pl\/elite_copy\/oferta\/"},{"@type":"ListItem","position":3,"name":"TORTY"}]},{"@type":"WebSite","@id":"https:\/\/liczbanscy.home.pl\/elite_copy\/#website","url":"https:\/\/liczbanscy.home.pl\/elite_copy\/","name":"Cukiernia ELITE","description":"Codziennie \u015bwie\u017ce wypieki z w\u0142asnej pracowni","potentialAction":[{"@type":"SearchAction","target":{"@type":"EntryPoint","urlTemplate":"https:\/\/liczbanscy.home.pl\/elite_copy\/?s={search_term_string}"},"query-input":"required name=search_term_string"}],"inLanguage":"pl-PL"}]}},"_links":{"self":[{"href":"http:\/\/liczbanscy.home.pl\/elite_copy\/wp-json\/wp\/v2\/pages\/233"}],"collection":[{"href":"http:\/\/liczbanscy.home.pl\/elite_copy\/wp-json\/wp\/v2\/pages"}],"about":[{"href":"http:\/\/liczbanscy.home.pl\/elite_copy\/wp-json\/wp\/v2\/types\/page"}],"author":[{"embeddable":true,"href":"http:\/\/liczbanscy.home.pl\/elite_copy\/wp-json\/wp\/v2\/users\/1"}],"replies":[{"embeddable":true,"href":"http:\/\/liczbanscy.home.pl\/elite_copy\/wp-json\/wp\/v2\/comments?post=233"}],"version-history":[{"count":7,"href":"http:\/\/liczbanscy.home.pl\/elite_copy\/wp-json\/wp\/v2\/pages\/233\/revisions"}],"predecessor-version":[{"id":1347,"href":"http:\/\/liczbanscy.home.pl\/elite_copy\/wp-json\/wp\/v2\/pages\/233\/revisions\/1347"}],"up":[{"embeddable":true,"href":"http:\/\/liczbanscy.home.pl\/elite_copy\/wp-json\/wp\/v2\/pages\/119"}],"wp:attachment":[{"href":"http:\/\/liczbanscy.home.pl\/elite_copy\/wp-json\/wp\/v2\/media?parent=233"}],"curies":[{"name":"wp","href":"https:\/\/api.w.org\/{rel}","templated":true}]}}